{"id":79,"date":"2024-06-14T18:54:37","date_gmt":"2024-06-14T18:54:37","guid":{"rendered":"https:\/\/saci.cesit.com.br\/?page_id=79"},"modified":"2025-11-01T15:52:35","modified_gmt":"2025-11-01T18:52:35","slug":"evento-3","status":"publish","type":"page","link":"https:\/\/saci.licomp.com.br\/?page_id=79","title":{"rendered":"Maratona de Programa\u00e7\u00e3o"},"content":{"rendered":"\t\t<div data-elementor-type=\"wp-page\" data-elementor-id=\"79\" class=\"elementor elementor-79\">\n\t\t\t\t<div class=\"elementor-element elementor-element-9a32f96 e-flex e-con-boxed e-con e-parent\" data-id=\"9a32f96\" data-element_type=\"container\">\n\t\t\t\t\t<div class=\"e-con-inner\">\n\t\t\t\t<div class=\"elementor-element elementor-element-62a9a9e elementor-widget elementor-widget-text-editor\" data-id=\"62a9a9e\" data-element_type=\"widget\" data-widget_type=\"text-editor.default\">\n\t\t\t\t<div class=\"elementor-widget-container\">\n\t\t\t\t\t\t\t\t\t<h3><span style=\"color: #339966;\">Sobre a Maratona de Programa\u00e7\u00e3o<\/span><\/h3><p>A Maratona de Programa\u00e7\u00e3o \u00e9 um evento da Sociedade Brasileira de Computa\u00e7\u00e3o (SBC) que existe desde o ano de 1996. Os campe\u00f5es nacionais da maratona de programa\u00e7\u00e3o da SBC podem competir na maratona internacional de programa\u00e7\u00e3o: Concurso Internacional de Programa\u00e7\u00e3o Colegiada (ICPC). Baseado nesse modelo de competi\u00e7\u00e3o, a maratona tamb\u00e9m \u00e9 promovida por diversas institui\u00e7\u00f5es de ensino do pa\u00eds, de modo que, A Maratona de Programa\u00e7\u00e3o visa criar um ambiente de competi\u00e7\u00e3o saud\u00e1vel, onde competidores de diversas institui\u00e7\u00f5es possam demonstrar suas capacidades de resolver problemas, programar e trabalhar em equipe; desenvolvendo solu\u00e7\u00f5es para problemas computacionais de variadas complexidades; incentivando os participantes a buscarem conhecer mais o fundo os recursos das linguagens de programa\u00e7\u00e3o; e motivando-os a estudar t\u00f3picos avan\u00e7ados da computa\u00e7\u00e3o.<\/p><h3><span style=\"color: #339966;\">Instru\u00e7\u00f5es<\/span><\/h3><p>a) Cada Institui\u00e7\u00e3o poder\u00e1 inscrever mais de uma equipe, contudo, ser\u00e3o inscritos apenas 10 equipes, obedecendo o algoritmo da Fila para a inscri\u00e7\u00e3o. Al\u00e9m disso, ser\u00e1 permitida a inscri\u00e7\u00e3o de equipes formadas por integrantes de institui\u00e7\u00f5es diferentes.<\/p><p>b) Antes de fazer a inscri\u00e7\u00e3o da equipe, leia com aten\u00e7\u00e3o o Regulamento da Maratona de Programa\u00e7\u00e3o por meio do link &lt;<a href=\"https:\/\/drive.google.com\/file\/d\/1D0jE6F3Zdy-t6IRIl6B41JEgYKaU_LFJ\/view?usp=sharing\"><span style=\"color: #339966;\">regulamento<\/span><\/a>&gt;.<\/p><p>c) Como inscri\u00e7\u00f5es para a VI Maratona de Programa\u00e7\u00e3o SACI 2025 deve ser feito por meio do link &lt;<span style=\"color: #339966;\"><a style=\"color: #339966;\" href=\"https:\/\/www.even3.com.br\/xvii-simposio-amazonico-de-computacao-e-inovacao-saci-645203\/\">inscri\u00e7\u00f5es<\/a><\/span>&gt;.<\/p><p>\u00a0<\/p>\t\t\t\t\t\t\t\t<\/div>\n\t\t\t\t<\/div>\n\t\t\t\t\t<\/div>\n\t\t\t\t<\/div>\n\t\t\t\t<\/div>\n\t\t","protected":false},"excerpt":{"rendered":"<p>Sobre a Maratona de Programa\u00e7\u00e3o A Maratona de Programa\u00e7\u00e3o \u00e9 um evento da Sociedade Brasileira de Computa\u00e7\u00e3o (SBC) que existe desde o ano de 1996. Os campe\u00f5es nacionais da maratona de programa\u00e7\u00e3o da SBC podem competir na maratona internacional de programa\u00e7\u00e3o: Concurso Internacional de Programa\u00e7\u00e3o Colegiada (ICPC). Baseado nesse modelo de competi\u00e7\u00e3o, a maratona tamb\u00e9m [&hellip;]<\/p>\n","protected":false},"author":1,"featured_media":0,"parent":0,"menu_order":0,"comment_status":"closed","ping_status":"closed","template":"elementor_header_footer","meta":{"footnotes":""},"class_list":["post-79","page","type-page","status-publish","hentry"],"_links":{"self":[{"href":"https:\/\/saci.licomp.com.br\/index.php?rest_route=\/wp\/v2\/pages\/79","targetHints":{"allow":["GET"]}}],"collection":[{"href":"https:\/\/saci.licomp.com.br\/index.php?rest_route=\/wp\/v2\/pages"}],"about":[{"href":"https:\/\/saci.licomp.com.br\/index.php?rest_route=\/wp\/v2\/types\/page"}],"author":[{"embeddable":true,"href":"https:\/\/saci.licomp.com.br\/index.php?rest_route=\/wp\/v2\/users\/1"}],"replies":[{"embeddable":true,"href":"https:\/\/saci.licomp.com.br\/index.php?rest_route=%2Fwp%2Fv2%2Fcomments&post=79"}],"version-history":[{"count":9,"href":"https:\/\/saci.licomp.com.br\/index.php?rest_route=\/wp\/v2\/pages\/79\/revisions"}],"predecessor-version":[{"id":1601,"href":"https:\/\/saci.licomp.com.br\/index.php?rest_route=\/wp\/v2\/pages\/79\/revisions\/1601"}],"wp:attachment":[{"href":"https:\/\/saci.licomp.com.br\/index.php?rest_route=%2Fwp%2Fv2%2Fmedia&parent=79"}],"curies":[{"name":"wp","href":"https:\/\/api.w.org\/{rel}","templated":true}]}}